{"id":4940,"date":"2022-03-01T22:55:49","date_gmt":"2022-03-01T22:55:49","guid":{"rendered":"http:\/\/kurainnovations.com\/?page_id=4940"},"modified":"2022-03-23T01:05:40","modified_gmt":"2022-03-23T01:05:40","slug":"aviso-de-privacidad","status":"publish","type":"page","link":"https:\/\/kurainnovations.com\/en\/notice-of-privacy\/","title":{"rendered":"Notice of Privacy"},"content":{"rendered":"<div data-elementor-type=\"wp-page\" data-elementor-id=\"4940\" class=\"elementor elementor-4940\" data-elementor-post-type=\"page\">\n\t\t\t\t\t\t<section class=\"elementor-section elementor-top-section elementor-element elementor-element-719f3f6 elementor-section-height-min-height elementor-section-boxed elementor-section-height-default elementor-section-items-middle\" data-id=\"719f3f6\" data-element_type=\"section\" data-settings=\"{&quot;background_background&quot;:&quot;classic&quot;}\">\n\t\t\t\t\t\t<div class=\"elementor-container elementor-column-gap-default\">\n\t\t\t\t\t<div class=\"elementor-column elementor-col-100 elementor-top-column elementor-element elementor-element-8fc1c35\" data-id=\"8fc1c35\" data-element_type=\"column\">\n\t\t\t<div class=\"elementor-widget-wrap elementor-element-populated\">\n\t\t\t\t\t\t<div class=\"elementor-element elementor-element-116ecfd elementor-widget elementor-widget-heading\" data-id=\"116ecfd\" data-element_type=\"widget\" data-widget_type=\"heading.default\">\n\t\t\t\t<div class=\"elementor-widget-container\">\n\t\t\t\t\t<h2 class=\"elementor-heading-title elementor-size-default\">PRIVACY POLICY<\/h2>\t\t\t\t<\/div>\n\t\t\t\t<\/div>\n\t\t\t\t<div class=\"elementor-element elementor-element-8447b43 elementor-widget elementor-widget-text-editor\" data-id=\"8447b43\" data-element_type=\"widget\" data-widget_type=\"text-editor.default\">\n\t\t\t\t<div class=\"elementor-widget-container\">\n\t\t\t\t\t\t\t\t\t<p>In accordance with the provisions of the federal law on the protection of personal data held by individuals, kura innovations undertakes to adopt the necessary measures that are within its reach to ensure the privacy of personal data collected in a way that guarantees its security, its alteration, loss or unauthorized treatment is avoided.<\/p>\t\t\t\t\t\t\t\t<\/div>\n\t\t\t\t<\/div>\n\t\t\t\t<div class=\"elementor-element elementor-element-39b2ab5 elementor-widget elementor-widget-text-editor\" data-id=\"39b2ab5\" data-element_type=\"widget\" data-widget_type=\"text-editor.default\">\n\t\t\t\t<div class=\"elementor-widget-container\">\n\t\t\t\t\t\t\t\t\t<p>In addition, in order to comply with the provisions of the federal law on the protection of personal data held by individuals, all personal data that is collected through the website will be treated in accordance with the principles of legality, quality, purpose, loyalty, and responsibility. All processing of personal data will be subject to the consent of its owner. In any case, the use of financial or patrimonial data will require the express authorization of their owners, however, this may be done through the website itself using the mechanisms enabled for this purpose, and in any case the greatest diligence and Be careful with this type of data. The same will happen in the case of sensitive personal data, considering by these those that, due to improper use, may give rise to discrimination or their disclosure entails a risk for the owner.<\/p>\t\t\t\t\t\t\t\t<\/div>\n\t\t\t\t<\/div>\n\t\t\t\t<div class=\"elementor-element elementor-element-36ce9f1 elementor-widget elementor-widget-text-editor\" data-id=\"36ce9f1\" data-element_type=\"widget\" data-widget_type=\"text-editor.default\">\n\t\t\t\t<div class=\"elementor-widget-container\">\n\t\t\t\t\t\t\t\t\t<p>At all times, efforts will be made to ensure that the personal data contained in the databases or files used, if any, are pertinent, correct and up-to-date for the purposes for which they were collected.<\/p>\t\t\t\t\t\t\t\t<\/div>\n\t\t\t\t<\/div>\n\t\t\t\t<div class=\"elementor-element elementor-element-d99d1ba elementor-widget elementor-widget-text-editor\" data-id=\"d99d1ba\" data-element_type=\"widget\" data-widget_type=\"text-editor.default\">\n\t\t\t\t<div class=\"elementor-widget-container\">\n\t\t\t\t\t\t\t\t\t<p>Kura innovations reserves the right to modify its privacy policy, according to its needs or derived from any change in the legislation. The access or use of the website after said changes will imply the acceptance of these changes.<\/p>\t\t\t\t\t\t\t\t<\/div>\n\t\t\t\t<\/div>\n\t\t\t\t<div class=\"elementor-element elementor-element-2d47af8 elementor-widget elementor-widget-text-editor\" data-id=\"2d47af8\" data-element_type=\"widget\" data-widget_type=\"text-editor.default\">\n\t\t\t\t<div class=\"elementor-widget-container\">\n\t\t\t\t\t\t\t\t\t<p>On the other hand, access to the website may involve the use of cookies, which are small amounts of information that are stored in the browser used by the user. Cookies facilitate navigation, make it more friendly, and do not damage the navigation device, for this, they can collect information to enter the website, store user preferences, as well as the interaction that the user has with the website, such as for example: the date and time in which the website is accessed, the time that it has been used, the sites visited before and after it, the number of pages visited, the IP address from which the user accesses , the frequency of visits, etc.<\/p>\t\t\t\t\t\t\t\t<\/div>\n\t\t\t\t<\/div>\n\t\t\t\t<div class=\"elementor-element elementor-element-a8675cb elementor-widget elementor-widget-text-editor\" data-id=\"a8675cb\" data-element_type=\"widget\" data-widget_type=\"text-editor.default\">\n\t\t\t\t<div class=\"elementor-widget-container\">\n\t\t\t\t\t\t\t\t\t<p>This type of information will be used to improve the website, detect errors, and possible needs that the user may have, in order to offer users better quality services and content. In any case, the information collected will be anonymous and individual users will not be identified.<\/p>\t\t\t\t\t\t\t\t<\/div>\n\t\t\t\t<\/div>\n\t\t\t\t<div class=\"elementor-element elementor-element-443d358 elementor-widget elementor-widget-text-editor\" data-id=\"443d358\" data-element_type=\"widget\" data-widget_type=\"text-editor.default\">\n\t\t\t\t<div class=\"elementor-widget-container\">\n\t\t\t\t\t\t\t\t\t<p>In the event that the user does not want this type of information to be collected, they must disable, reject, restrict and\/or eliminate the use of cookies in their internet browser. Procedures for performing these actions may differ from browser to browser; consequently, it is suggested to review the instructions provided by the browser developer. In the event that you reject the use of cookies (totally or partially), the user may continue to use the website, although some of its functions may be disabled.<\/p>\t\t\t\t\t\t\t\t<\/div>\n\t\t\t\t<\/div>\n\t\t\t\t<div class=\"elementor-element elementor-element-a602ee9 elementor-widget elementor-widget-text-editor\" data-id=\"a602ee9\" data-element_type=\"widget\" data-widget_type=\"text-editor.default\">\n\t\t\t\t<div class=\"elementor-widget-container\">\n\t\t\t\t\t\t\t\t\t<p>It is possible that in the future these policies regarding cookies will change or be updated, so it is advisable to review the updates made to these privacy policies, in order to be properly informed about how and why we use the cookies that are generated when entering or using the website.<\/p>\t\t\t\t\t\t\t\t<\/div>\n\t\t\t\t<\/div>\n\t\t\t\t<div class=\"elementor-element elementor-element-cb9f4a5 elementor-widget elementor-widget-text-editor\" data-id=\"cb9f4a5\" data-element_type=\"widget\" data-widget_type=\"text-editor.default\">\n\t\t\t\t<div class=\"elementor-widget-container\">\n\t\t\t\t\t\t\t\t\t<p><strong>I. Link Policy.<\/strong><br \/>Users or third parties who make or publish a web link from an external web page to this website must take into account the following:<\/p>\t\t\t\t\t\t\t\t<\/div>\n\t\t\t\t<\/div>\n\t\t\t\t<div class=\"elementor-element elementor-element-5eaca46 elementor-widget elementor-widget-text-editor\" data-id=\"5eaca46\" data-element_type=\"widget\" data-widget_type=\"text-editor.default\">\n\t\t\t\t<div class=\"elementor-widget-container\">\n\t\t\t\t\t\t\t\t\t<p>The reproduction (total or partial) of the contents, products or services available on the website is not allowed without the express authorization of kura innovations or its owner. Neither will false, inaccurate or incorrect statements about the website, nor about its contents, products or services be allowed, and kura innovations may restrict access to the website to any person who incurs in this type of act.<\/p>\t\t\t\t\t\t\t\t<\/div>\n\t\t\t\t<\/div>\n\t\t\t\t<div class=\"elementor-element elementor-element-f2b2c8c elementor-widget elementor-widget-text-editor\" data-id=\"f2b2c8c\" data-element_type=\"widget\" data-widget_type=\"text-editor.default\">\n\t\t\t\t<div class=\"elementor-widget-container\">\n\t\t\t\t\t\t\t\t\t<p>The establishment of a link to the website from any external site will not imply the existence of any relationship between kura innovations and the owner of the website from which it is made, nor will it imply knowledge of kura innovations of the contents, products or services offered. on external sites from which the website can be accessed.<\/p>\t\t\t\t\t\t\t\t<\/div>\n\t\t\t\t<\/div>\n\t\t\t\t<div class=\"elementor-element elementor-element-235d9f1 elementor-widget elementor-widget-text-editor\" data-id=\"235d9f1\" data-element_type=\"widget\" data-widget_type=\"text-editor.default\">\n\t\t\t\t<div class=\"elementor-widget-container\">\n\t\t\t\t\t\t\t\t\t<p><strong>II. Intellectual and industrial property policy.<\/strong><br \/>Kura innovations by itself or as assignee, is the owner of all the intellectual and industrial property rights of the website, understanding by this the source code that makes its operation possible, as well as the images, audio or video files, logos, trademarks , color combinations, structures, designs and other elements that distinguish it. They will therefore be protected by Mexican legislation on intellectual and industrial property, as well as by applicable international treaties. Therefore, the reproduction, distribution, or dissemination of the contents of the website, for commercial purposes, in any medium and by any means, without the authorization of kura innovations, is expressly prohibited.<\/p>\t\t\t\t\t\t\t\t<\/div>\n\t\t\t\t<\/div>\n\t\t\t\t<div class=\"elementor-element elementor-element-96ca8e8 elementor-widget elementor-widget-text-editor\" data-id=\"96ca8e8\" data-element_type=\"widget\" data-widget_type=\"text-editor.default\">\n\t\t\t\t<div class=\"elementor-widget-container\">\n\t\t\t\t\t\t\t\t\t<p>The user undertakes to respect the intellectual and industrial property rights of the owner. However, in addition to being able to view the elements of the website, you can print, copy or store them, as long as it is exclusively for your strictly personal use.<\/p>\t\t\t\t\t\t\t\t<\/div>\n\t\t\t\t<\/div>\n\t\t\t\t<div class=\"elementor-element elementor-element-2b10d13 elementor-widget elementor-widget-text-editor\" data-id=\"2b10d13\" data-element_type=\"widget\" data-widget_type=\"text-editor.default\">\n\t\t\t\t<div class=\"elementor-widget-container\">\n\t\t\t\t\t\t\t\t\t<p>On the other hand, the user will refrain from deleting, altering, or manipulating any element, file, or content of the website, and for no reason will carry out acts tending to violate the security, files or databases that are protected, either through restricted access through a username and password, or because you do not have the permissions to view, edit or manipulate them.<\/p>\t\t\t\t\t\t\t\t<\/div>\n\t\t\t\t<\/div>\n\t\t\t\t<div class=\"elementor-element elementor-element-65faa5b elementor-widget elementor-widget-text-editor\" data-id=\"65faa5b\" data-element_type=\"widget\" data-widget_type=\"text-editor.default\">\n\t\t\t\t<div class=\"elementor-widget-container\">\n\t\t\t\t\t\t\t\t\t<p>In the event that the user or any third party considers that any of the contents of the website constitutes a violation of the rights of protection of industrial or intellectual property, they must immediately notify kura innovations through the contact information available on the website itself. website.<\/p>\t\t\t\t\t\t\t\t<\/div>\n\t\t\t\t<\/div>\n\t\t\t\t<div class=\"elementor-element elementor-element-95cc81b elementor-widget elementor-widget-text-editor\" data-id=\"95cc81b\" data-element_type=\"widget\" data-widget_type=\"text-editor.default\">\n\t\t\t\t<div class=\"elementor-widget-container\">\n\t\t\t\t\t\t\t\t\t<p><strong>III. Applicable law and jurisdiction.<\/strong><br \/>Kura innovations reserves the right to file civil or criminal actions that it deems necessary for the improper use of the website, its contents, products or services, or for the breach of these privacy policies.<\/p>\t\t\t\t\t\t\t\t<\/div>\n\t\t\t\t<\/div>\n\t\t\t\t<div class=\"elementor-element elementor-element-a48af4a elementor-widget elementor-widget-text-editor\" data-id=\"a48af4a\" data-element_type=\"widget\" data-widget_type=\"text-editor.default\">\n\t\t\t\t<div class=\"elementor-widget-container\">\n\t\t\t\t\t\t\t\t\t<p>The relationship between the user and kura innovations will be governed by current legislation in Mexico, specifically in Mexico City. If any controversy arises in relation to the interpretation and\/or application of these privacy policies, the parties will submit to the ordinary jurisdiction of the courts that correspond according to law in the state to which kura innovations refers.<\/p>\t\t\t\t\t\t\t\t<\/div>\n\t\t\t\t<\/div>\n\t\t\t\t\t<\/div>\n\t\t<\/div>\n\t\t\t\t\t<\/div>\n\t\t<\/section>\n\t\t\t\t<\/div>","protected":false},"excerpt":{"rendered":"<p>POL\u00cdTICA DE PRIVACIDAD De conformidad con lo establecido en la ley federal de protecci\u00f3n de datos personales en posesi\u00f3n de particulares, kura innovations se compromete a adoptar las medidas necesarias que est\u00e9n a su alcance para asegurar la privacidad de los datos personales recabados de forma que se garantice su seguridad, se evite su alteraci\u00f3n, [&hellip;]<\/p>","protected":false},"author":1,"featured_media":0,"parent":0,"menu_order":0,"comment_status":"closed","ping_status":"closed","template":"elementor_header_footer","meta":{"_acf_changed":false,"footnotes":""},"class_list":["post-4940","page","type-page","status-publish","hentry"],"acf":[],"yoast_head":"<!-- This site is optimized with the Yoast SEO plugin v24.2 - https:\/\/yoast.com\/wordpress\/plugins\/seo\/ -->\n<title>Aviso De Privacidad - Kura Innovations<\/title>\n<meta name=\"robots\" content=\"noindex, follow\" \/>\n<meta property=\"og:locale\" content=\"en_US\" \/>\n<meta property=\"og:type\" content=\"article\" \/>\n<meta property=\"og:title\" content=\"Aviso De Privacidad - Kura Innovations\" \/>\n<meta property=\"og:description\" content=\"POL\u00cdTICA DE PRIVACIDAD De conformidad con lo establecido en la ley federal de protecci\u00f3n de datos personales en posesi\u00f3n de particulares, kura innovations se compromete a adoptar las medidas necesarias que est\u00e9n a su alcance para asegurar la privacidad de los datos personales recabados de forma que se garantice su seguridad, se evite su alteraci\u00f3n, [&hellip;]\" \/>\n<meta property=\"og:url\" content=\"https:\/\/kurainnovations.com\/en\/notice-of-privacy\/\" \/>\n<meta property=\"og:site_name\" content=\"Kura Innovations\" \/>\n<meta property=\"article:modified_time\" content=\"2022-03-23T01:05:40+00:00\" \/>\n<meta name=\"twitter:card\" content=\"summary_large_image\" \/>\n<meta name=\"twitter:label1\" content=\"Est. reading time\" \/>\n\t<meta name=\"twitter:data1\" content=\"6 minutes\" \/>\n<script type=\"application\/ld+json\" class=\"yoast-schema-graph\">{\"@context\":\"https:\/\/schema.org\",\"@graph\":[{\"@type\":\"WebPage\",\"@id\":\"https:\/\/kurainnovations.com\/aviso-de-privacidad\/\",\"url\":\"https:\/\/kurainnovations.com\/aviso-de-privacidad\/\",\"name\":\"Aviso De Privacidad - Kura Innovations\",\"isPartOf\":{\"@id\":\"https:\/\/kurainnovations.com\/#website\"},\"datePublished\":\"2022-03-01T22:55:49+00:00\",\"dateModified\":\"2022-03-23T01:05:40+00:00\",\"breadcrumb\":{\"@id\":\"https:\/\/kurainnovations.com\/aviso-de-privacidad\/#breadcrumb\"},\"inLanguage\":\"en-US\",\"potentialAction\":[{\"@type\":\"ReadAction\",\"target\":[\"https:\/\/kurainnovations.com\/aviso-de-privacidad\/\"]}]},{\"@type\":\"BreadcrumbList\",\"@id\":\"https:\/\/kurainnovations.com\/aviso-de-privacidad\/#breadcrumb\",\"itemListElement\":[{\"@type\":\"ListItem\",\"position\":1,\"name\":\"Home\",\"item\":\"https:\/\/kurainnovations.com\/\"},{\"@type\":\"ListItem\",\"position\":2,\"name\":\"Aviso De Privacidad\"}]},{\"@type\":\"WebSite\",\"@id\":\"https:\/\/kurainnovations.com\/#website\",\"url\":\"https:\/\/kurainnovations.com\/\",\"name\":\"Kura Innovations\",\"description\":\"Nos ajustamos a tu comodidad\",\"potentialAction\":[{\"@type\":\"SearchAction\",\"target\":{\"@type\":\"EntryPoint\",\"urlTemplate\":\"https:\/\/kurainnovations.com\/?s={search_term_string}\"},\"query-input\":{\"@type\":\"PropertyValueSpecification\",\"valueRequired\":true,\"valueName\":\"search_term_string\"}}],\"inLanguage\":\"en-US\"}]}<\/script>\n<!-- \/ Yoast SEO plugin. -->","yoast_head_json":{"title":"Aviso De Privacidad - Kura Innovations","robots":{"index":"noindex","follow":"follow"},"og_locale":"en_US","og_type":"article","og_title":"Aviso De Privacidad - Kura Innovations","og_description":"POL\u00cdTICA DE PRIVACIDAD De conformidad con lo establecido en la ley federal de protecci\u00f3n de datos personales en posesi\u00f3n de particulares, kura innovations se compromete a adoptar las medidas necesarias que est\u00e9n a su alcance para asegurar la privacidad de los datos personales recabados de forma que se garantice su seguridad, se evite su alteraci\u00f3n, [&hellip;]","og_url":"https:\/\/kurainnovations.com\/en\/notice-of-privacy\/","og_site_name":"Kura Innovations","article_modified_time":"2022-03-23T01:05:40+00:00","twitter_card":"summary_large_image","twitter_misc":{"Est. reading time":"6 minutes"},"schema":{"@context":"https:\/\/schema.org","@graph":[{"@type":"WebPage","@id":"https:\/\/kurainnovations.com\/aviso-de-privacidad\/","url":"https:\/\/kurainnovations.com\/aviso-de-privacidad\/","name":"Aviso De Privacidad - Kura Innovations","isPartOf":{"@id":"https:\/\/kurainnovations.com\/#website"},"datePublished":"2022-03-01T22:55:49+00:00","dateModified":"2022-03-23T01:05:40+00:00","breadcrumb":{"@id":"https:\/\/kurainnovations.com\/aviso-de-privacidad\/#breadcrumb"},"inLanguage":"en-US","potentialAction":[{"@type":"ReadAction","target":["https:\/\/kurainnovations.com\/aviso-de-privacidad\/"]}]},{"@type":"BreadcrumbList","@id":"https:\/\/kurainnovations.com\/aviso-de-privacidad\/#breadcrumb","itemListElement":[{"@type":"ListItem","position":1,"name":"Home","item":"https:\/\/kurainnovations.com\/"},{"@type":"ListItem","position":2,"name":"Aviso De Privacidad"}]},{"@type":"WebSite","@id":"https:\/\/kurainnovations.com\/#website","url":"https:\/\/kurainnovations.com\/","name":"Kura Innovations","description":"Nos ajustamos a tu comodidad","potentialAction":[{"@type":"SearchAction","target":{"@type":"EntryPoint","urlTemplate":"https:\/\/kurainnovations.com\/?s={search_term_string}"},"query-input":{"@type":"PropertyValueSpecification","valueRequired":true,"valueName":"search_term_string"}}],"inLanguage":"en-US"}]}},"_links":{"self":[{"href":"https:\/\/kurainnovations.com\/en\/wp-json\/wp\/v2\/pages\/4940","targetHints":{"allow":["GET"]}}],"collection":[{"href":"https:\/\/kurainnovations.com\/en\/wp-json\/wp\/v2\/pages"}],"about":[{"href":"https:\/\/kurainnovations.com\/en\/wp-json\/wp\/v2\/types\/page"}],"author":[{"embeddable":true,"href":"https:\/\/kurainnovations.com\/en\/wp-json\/wp\/v2\/users\/1"}],"replies":[{"embeddable":true,"href":"https:\/\/kurainnovations.com\/en\/wp-json\/wp\/v2\/comments?post=4940"}],"version-history":[{"count":0,"href":"https:\/\/kurainnovations.com\/en\/wp-json\/wp\/v2\/pages\/4940\/revisions"}],"wp:attachment":[{"href":"https:\/\/kurainnovations.com\/en\/wp-json\/wp\/v2\/media?parent=4940"}],"curies":[{"name":"wp","href":"https:\/\/api.w.org\/{rel}","templated":true}]}}